{"id":522,"date":"2018-10-18T13:44:37","date_gmt":"2018-10-18T11:44:37","guid":{"rendered":"https:\/\/guardianstoolkit.eu\/german\/?page_id=522"},"modified":"2019-04-12T15:46:29","modified_gmt":"2019-04-12T13:46:29","slug":"dauerhafte-losung-ruckfuhrung-und-ruckkehr","status":"publish","type":"page","link":"https:\/\/guardianstoolkit.eu\/de\/ihre-mission-das-wohl-des-kindes-zu-wahren\/dauerhafte-losung-ruckfuhrung-und-ruckkehr\/","title":{"rendered":"Dauerhafte L\u00f6sung: R\u00fcckf\u00fchrung und R\u00fcckkehr"},"content":{"rendered":"","protected":false},"excerpt":{"rendered":"","protected":false},"author":4,"featured_media":0,"parent":11,"menu_order":6,"comment_status":"closed","ping_status":"closed","template":"","meta":{"_acf_changed":false,"footnotes":""},"class_list":["post-522","page","type-page","status-publish","hentry"],"acf":[],"yoast_head":"<!-- This site is optimized with the Yoast SEO plugin v27.4 - https:\/\/yoast.com\/product\/yoast-seo-wordpress\/ -->\n<title>Dauerhafte L\u00f6sung: R\u00fcckf\u00fchrung und R\u00fcckkehr - Proguard DE<\/title>\n<meta name=\"robots\" content=\"index, follow, max-snippet:-1, max-image-preview:large, max-video-preview:-1\" \/>\n<link rel=\"canonical\" href=\"https:\/\/guardianstoolkit.eu\/de\/ihre-mission-das-wohl-des-kindes-zu-wahren\/dauerhafte-losung-ruckfuhrung-und-ruckkehr\/\" \/>\n<meta property=\"og:locale\" content=\"en_US\" \/>\n<meta property=\"og:type\" content=\"article\" \/>\n<meta property=\"og:title\" content=\"Dauerhafte L\u00f6sung: R\u00fcckf\u00fchrung und R\u00fcckkehr - Proguard DE\" \/>\n<meta property=\"og:url\" content=\"https:\/\/guardianstoolkit.eu\/de\/ihre-mission-das-wohl-des-kindes-zu-wahren\/dauerhafte-losung-ruckfuhrung-und-ruckkehr\/\" \/>\n<meta property=\"og:site_name\" content=\"Proguard DE\" \/>\n<meta property=\"article:modified_time\" content=\"2019-04-12T13:46:29+00:00\" \/>\n<meta name=\"twitter:card\" content=\"summary_large_image\" \/>\n<script type=\"application\/ld+json\" class=\"yoast-schema-graph\">{\"@context\":\"https:\\\/\\\/schema.org\",\"@graph\":[{\"@type\":\"WebPage\",\"@id\":\"https:\\\/\\\/guardianstoolkit.eu\\\/de\\\/ihre-mission-das-wohl-des-kindes-zu-wahren\\\/dauerhafte-losung-ruckfuhrung-und-ruckkehr\\\/\",\"url\":\"https:\\\/\\\/guardianstoolkit.eu\\\/de\\\/ihre-mission-das-wohl-des-kindes-zu-wahren\\\/dauerhafte-losung-ruckfuhrung-und-ruckkehr\\\/\",\"name\":\"Dauerhafte L\u00f6sung: R\u00fcckf\u00fchrung und R\u00fcckkehr - Proguard DE\",\"isPartOf\":{\"@id\":\"https:\\\/\\\/guardianstoolkit.eu\\\/de\\\/#website\"},\"datePublished\":\"2018-10-18T11:44:37+00:00\",\"dateModified\":\"2019-04-12T13:46:29+00:00\",\"breadcrumb\":{\"@id\":\"https:\\\/\\\/guardianstoolkit.eu\\\/de\\\/ihre-mission-das-wohl-des-kindes-zu-wahren\\\/dauerhafte-losung-ruckfuhrung-und-ruckkehr\\\/#breadcrumb\"},\"inLanguage\":\"en-US\",\"potentialAction\":[{\"@type\":\"ReadAction\",\"target\":[\"https:\\\/\\\/guardianstoolkit.eu\\\/de\\\/ihre-mission-das-wohl-des-kindes-zu-wahren\\\/dauerhafte-losung-ruckfuhrung-und-ruckkehr\\\/\"]}]},{\"@type\":\"BreadcrumbList\",\"@id\":\"https:\\\/\\\/guardianstoolkit.eu\\\/de\\\/ihre-mission-das-wohl-des-kindes-zu-wahren\\\/dauerhafte-losung-ruckfuhrung-und-ruckkehr\\\/#breadcrumb\",\"itemListElement\":[{\"@type\":\"ListItem\",\"position\":1,\"name\":\"Home\",\"item\":\"https:\\\/\\\/guardianstoolkit.eu\\\/de\\\/\"},{\"@type\":\"ListItem\",\"position\":2,\"name\":\"Ihre Mission: das Wohl des Kindes zu wahren\",\"item\":\"https:\\\/\\\/guardianstoolkit.eu\\\/de\\\/ihre-mission-das-wohl-des-kindes-zu-wahren\\\/\"},{\"@type\":\"ListItem\",\"position\":3,\"name\":\"Dauerhafte L\u00f6sung: R\u00fcckf\u00fchrung und R\u00fcckkehr\"}]},{\"@type\":\"WebSite\",\"@id\":\"https:\\\/\\\/guardianstoolkit.eu\\\/de\\\/#website\",\"url\":\"https:\\\/\\\/guardianstoolkit.eu\\\/de\\\/\",\"name\":\"Proguard DE\",\"description\":\"\",\"potentialAction\":[{\"@type\":\"SearchAction\",\"target\":{\"@type\":\"EntryPoint\",\"urlTemplate\":\"https:\\\/\\\/guardianstoolkit.eu\\\/de\\\/?s={search_term_string}\"},\"query-input\":{\"@type\":\"PropertyValueSpecification\",\"valueRequired\":true,\"valueName\":\"search_term_string\"}}],\"inLanguage\":\"en-US\"}]}<\/script>\n<!-- \/ Yoast SEO plugin. -->","yoast_head_json":{"title":"Dauerhafte L\u00f6sung: R\u00fcckf\u00fchrung und R\u00fcckkehr - Proguard DE","robots":{"index":"index","follow":"follow","max-snippet":"max-snippet:-1","max-image-preview":"max-image-preview:large","max-video-preview":"max-video-preview:-1"},"canonical":"https:\/\/guardianstoolkit.eu\/de\/ihre-mission-das-wohl-des-kindes-zu-wahren\/dauerhafte-losung-ruckfuhrung-und-ruckkehr\/","og_locale":"en_US","og_type":"article","og_title":"Dauerhafte L\u00f6sung: R\u00fcckf\u00fchrung und R\u00fcckkehr - Proguard DE","og_url":"https:\/\/guardianstoolkit.eu\/de\/ihre-mission-das-wohl-des-kindes-zu-wahren\/dauerhafte-losung-ruckfuhrung-und-ruckkehr\/","og_site_name":"Proguard DE","article_modified_time":"2019-04-12T13:46:29+00:00","twitter_card":"summary_large_image","schema":{"@context":"https:\/\/schema.org","@graph":[{"@type":"WebPage","@id":"https:\/\/guardianstoolkit.eu\/de\/ihre-mission-das-wohl-des-kindes-zu-wahren\/dauerhafte-losung-ruckfuhrung-und-ruckkehr\/","url":"https:\/\/guardianstoolkit.eu\/de\/ihre-mission-das-wohl-des-kindes-zu-wahren\/dauerhafte-losung-ruckfuhrung-und-ruckkehr\/","name":"Dauerhafte L\u00f6sung: R\u00fcckf\u00fchrung und R\u00fcckkehr - Proguard DE","isPartOf":{"@id":"https:\/\/guardianstoolkit.eu\/de\/#website"},"datePublished":"2018-10-18T11:44:37+00:00","dateModified":"2019-04-12T13:46:29+00:00","breadcrumb":{"@id":"https:\/\/guardianstoolkit.eu\/de\/ihre-mission-das-wohl-des-kindes-zu-wahren\/dauerhafte-losung-ruckfuhrung-und-ruckkehr\/#breadcrumb"},"inLanguage":"en-US","potentialAction":[{"@type":"ReadAction","target":["https:\/\/guardianstoolkit.eu\/de\/ihre-mission-das-wohl-des-kindes-zu-wahren\/dauerhafte-losung-ruckfuhrung-und-ruckkehr\/"]}]},{"@type":"BreadcrumbList","@id":"https:\/\/guardianstoolkit.eu\/de\/ihre-mission-das-wohl-des-kindes-zu-wahren\/dauerhafte-losung-ruckfuhrung-und-ruckkehr\/#breadcrumb","itemListElement":[{"@type":"ListItem","position":1,"name":"Home","item":"https:\/\/guardianstoolkit.eu\/de\/"},{"@type":"ListItem","position":2,"name":"Ihre Mission: das Wohl des Kindes zu wahren","item":"https:\/\/guardianstoolkit.eu\/de\/ihre-mission-das-wohl-des-kindes-zu-wahren\/"},{"@type":"ListItem","position":3,"name":"Dauerhafte L\u00f6sung: R\u00fcckf\u00fchrung und R\u00fcckkehr"}]},{"@type":"WebSite","@id":"https:\/\/guardianstoolkit.eu\/de\/#website","url":"https:\/\/guardianstoolkit.eu\/de\/","name":"Proguard DE","description":"","potentialAction":[{"@type":"SearchAction","target":{"@type":"EntryPoint","urlTemplate":"https:\/\/guardianstoolkit.eu\/de\/?s={search_term_string}"},"query-input":{"@type":"PropertyValueSpecification","valueRequired":true,"valueName":"search_term_string"}}],"inLanguage":"en-US"}]}},"_links":{"self":[{"href":"https:\/\/guardianstoolkit.eu\/de\/wp-json\/wp\/v2\/pages\/522","targetHints":{"allow":["GET"]}}],"collection":[{"href":"https:\/\/guardianstoolkit.eu\/de\/wp-json\/wp\/v2\/pages"}],"about":[{"href":"https:\/\/guardianstoolkit.eu\/de\/wp-json\/wp\/v2\/types\/page"}],"author":[{"embeddable":true,"href":"https:\/\/guardianstoolkit.eu\/de\/wp-json\/wp\/v2\/users\/4"}],"replies":[{"embeddable":true,"href":"https:\/\/guardianstoolkit.eu\/de\/wp-json\/wp\/v2\/comments?post=522"}],"version-history":[{"count":24,"href":"https:\/\/guardianstoolkit.eu\/de\/wp-json\/wp\/v2\/pages\/522\/revisions"}],"predecessor-version":[{"id":773,"href":"https:\/\/guardianstoolkit.eu\/de\/wp-json\/wp\/v2\/pages\/522\/revisions\/773"}],"up":[{"embeddable":true,"href":"https:\/\/guardianstoolkit.eu\/de\/wp-json\/wp\/v2\/pages\/11"}],"wp:attachment":[{"href":"https:\/\/guardianstoolkit.eu\/de\/wp-json\/wp\/v2\/media?parent=522"}],"curies":[{"name":"wp","href":"https:\/\/api.w.org\/{rel}","templated":true}]}}