{"id":107,"date":"2018-10-08T11:35:59","date_gmt":"2018-10-08T09:35:59","guid":{"rendered":"https:\/\/guardianstoolkit.eu\/finland\/?page_id=107"},"modified":"2019-04-08T17:05:48","modified_gmt":"2019-04-08T15:05:48","slug":"tyoskenteleminen-kulttuurivalittajien-kanssa","status":"publish","type":"page","link":"https:\/\/guardianstoolkit.eu\/fi\/muiden-kanssa-tyoskenteleminen\/tyoskenteleminen-kulttuurivalittajien-kanssa\/","title":{"rendered":"Ty\u00f6skenteleminen kulttuuriv\u00e4litt\u00e4jien kanssa"},"content":{"rendered":"","protected":false},"excerpt":{"rendered":"","protected":false},"author":2,"featured_media":0,"parent":13,"menu_order":3,"comment_status":"closed","ping_status":"closed","template":"","meta":{"_acf_changed":false,"footnotes":""},"class_list":["post-107","page","type-page","status-publish","hentry"],"acf":[],"yoast_head":"<!-- This site is optimized with the Yoast SEO plugin v27.4 - https:\/\/yoast.com\/product\/yoast-seo-wordpress\/ -->\n<title>Ty\u00f6skenteleminen kulttuuriv\u00e4litt\u00e4jien kanssa - Proguard FI<\/title>\n<meta name=\"robots\" content=\"index, follow, max-snippet:-1, max-image-preview:large, max-video-preview:-1\" \/>\n<link rel=\"canonical\" href=\"https:\/\/guardianstoolkit.eu\/fi\/muiden-kanssa-tyoskenteleminen\/tyoskenteleminen-kulttuurivalittajien-kanssa\/\" \/>\n<meta property=\"og:locale\" content=\"en_US\" \/>\n<meta property=\"og:type\" content=\"article\" \/>\n<meta property=\"og:title\" content=\"Ty\u00f6skenteleminen kulttuuriv\u00e4litt\u00e4jien kanssa - Proguard FI\" \/>\n<meta property=\"og:url\" content=\"https:\/\/guardianstoolkit.eu\/fi\/muiden-kanssa-tyoskenteleminen\/tyoskenteleminen-kulttuurivalittajien-kanssa\/\" \/>\n<meta property=\"og:site_name\" content=\"Proguard FI\" \/>\n<meta property=\"article:modified_time\" content=\"2019-04-08T15:05:48+00:00\" \/>\n<meta name=\"twitter:card\" content=\"summary_large_image\" \/>\n<script type=\"application\/ld+json\" class=\"yoast-schema-graph\">{\"@context\":\"https:\\\/\\\/schema.org\",\"@graph\":[{\"@type\":\"WebPage\",\"@id\":\"https:\\\/\\\/guardianstoolkit.eu\\\/fi\\\/muiden-kanssa-tyoskenteleminen\\\/tyoskenteleminen-kulttuurivalittajien-kanssa\\\/\",\"url\":\"https:\\\/\\\/guardianstoolkit.eu\\\/fi\\\/muiden-kanssa-tyoskenteleminen\\\/tyoskenteleminen-kulttuurivalittajien-kanssa\\\/\",\"name\":\"Ty\u00f6skenteleminen kulttuuriv\u00e4litt\u00e4jien kanssa - Proguard FI\",\"isPartOf\":{\"@id\":\"https:\\\/\\\/guardianstoolkit.eu\\\/fi\\\/#website\"},\"datePublished\":\"2018-10-08T09:35:59+00:00\",\"dateModified\":\"2019-04-08T15:05:48+00:00\",\"breadcrumb\":{\"@id\":\"https:\\\/\\\/guardianstoolkit.eu\\\/fi\\\/muiden-kanssa-tyoskenteleminen\\\/tyoskenteleminen-kulttuurivalittajien-kanssa\\\/#breadcrumb\"},\"inLanguage\":\"en-US\",\"potentialAction\":[{\"@type\":\"ReadAction\",\"target\":[\"https:\\\/\\\/guardianstoolkit.eu\\\/fi\\\/muiden-kanssa-tyoskenteleminen\\\/tyoskenteleminen-kulttuurivalittajien-kanssa\\\/\"]}]},{\"@type\":\"BreadcrumbList\",\"@id\":\"https:\\\/\\\/guardianstoolkit.eu\\\/fi\\\/muiden-kanssa-tyoskenteleminen\\\/tyoskenteleminen-kulttuurivalittajien-kanssa\\\/#breadcrumb\",\"itemListElement\":[{\"@type\":\"ListItem\",\"position\":1,\"name\":\"Home\",\"item\":\"https:\\\/\\\/guardianstoolkit.eu\\\/fi\\\/\"},{\"@type\":\"ListItem\",\"position\":2,\"name\":\"Muiden kanssa ty\u00f6skenteleminen\",\"item\":\"https:\\\/\\\/guardianstoolkit.eu\\\/fi\\\/muiden-kanssa-tyoskenteleminen\\\/\"},{\"@type\":\"ListItem\",\"position\":3,\"name\":\"Ty\u00f6skenteleminen kulttuuriv\u00e4litt\u00e4jien kanssa\"}]},{\"@type\":\"WebSite\",\"@id\":\"https:\\\/\\\/guardianstoolkit.eu\\\/fi\\\/#website\",\"url\":\"https:\\\/\\\/guardianstoolkit.eu\\\/fi\\\/\",\"name\":\"Proguard FI\",\"description\":\"\",\"potentialAction\":[{\"@type\":\"SearchAction\",\"target\":{\"@type\":\"EntryPoint\",\"urlTemplate\":\"https:\\\/\\\/guardianstoolkit.eu\\\/fi\\\/?s={search_term_string}\"},\"query-input\":{\"@type\":\"PropertyValueSpecification\",\"valueRequired\":true,\"valueName\":\"search_term_string\"}}],\"inLanguage\":\"en-US\"}]}<\/script>\n<!-- \/ Yoast SEO plugin. -->","yoast_head_json":{"title":"Ty\u00f6skenteleminen kulttuuriv\u00e4litt\u00e4jien kanssa - Proguard FI","robots":{"index":"index","follow":"follow","max-snippet":"max-snippet:-1","max-image-preview":"max-image-preview:large","max-video-preview":"max-video-preview:-1"},"canonical":"https:\/\/guardianstoolkit.eu\/fi\/muiden-kanssa-tyoskenteleminen\/tyoskenteleminen-kulttuurivalittajien-kanssa\/","og_locale":"en_US","og_type":"article","og_title":"Ty\u00f6skenteleminen kulttuuriv\u00e4litt\u00e4jien kanssa - Proguard FI","og_url":"https:\/\/guardianstoolkit.eu\/fi\/muiden-kanssa-tyoskenteleminen\/tyoskenteleminen-kulttuurivalittajien-kanssa\/","og_site_name":"Proguard FI","article_modified_time":"2019-04-08T15:05:48+00:00","twitter_card":"summary_large_image","schema":{"@context":"https:\/\/schema.org","@graph":[{"@type":"WebPage","@id":"https:\/\/guardianstoolkit.eu\/fi\/muiden-kanssa-tyoskenteleminen\/tyoskenteleminen-kulttuurivalittajien-kanssa\/","url":"https:\/\/guardianstoolkit.eu\/fi\/muiden-kanssa-tyoskenteleminen\/tyoskenteleminen-kulttuurivalittajien-kanssa\/","name":"Ty\u00f6skenteleminen kulttuuriv\u00e4litt\u00e4jien kanssa - Proguard FI","isPartOf":{"@id":"https:\/\/guardianstoolkit.eu\/fi\/#website"},"datePublished":"2018-10-08T09:35:59+00:00","dateModified":"2019-04-08T15:05:48+00:00","breadcrumb":{"@id":"https:\/\/guardianstoolkit.eu\/fi\/muiden-kanssa-tyoskenteleminen\/tyoskenteleminen-kulttuurivalittajien-kanssa\/#breadcrumb"},"inLanguage":"en-US","potentialAction":[{"@type":"ReadAction","target":["https:\/\/guardianstoolkit.eu\/fi\/muiden-kanssa-tyoskenteleminen\/tyoskenteleminen-kulttuurivalittajien-kanssa\/"]}]},{"@type":"BreadcrumbList","@id":"https:\/\/guardianstoolkit.eu\/fi\/muiden-kanssa-tyoskenteleminen\/tyoskenteleminen-kulttuurivalittajien-kanssa\/#breadcrumb","itemListElement":[{"@type":"ListItem","position":1,"name":"Home","item":"https:\/\/guardianstoolkit.eu\/fi\/"},{"@type":"ListItem","position":2,"name":"Muiden kanssa ty\u00f6skenteleminen","item":"https:\/\/guardianstoolkit.eu\/fi\/muiden-kanssa-tyoskenteleminen\/"},{"@type":"ListItem","position":3,"name":"Ty\u00f6skenteleminen kulttuuriv\u00e4litt\u00e4jien kanssa"}]},{"@type":"WebSite","@id":"https:\/\/guardianstoolkit.eu\/fi\/#website","url":"https:\/\/guardianstoolkit.eu\/fi\/","name":"Proguard FI","description":"","potentialAction":[{"@type":"SearchAction","target":{"@type":"EntryPoint","urlTemplate":"https:\/\/guardianstoolkit.eu\/fi\/?s={search_term_string}"},"query-input":{"@type":"PropertyValueSpecification","valueRequired":true,"valueName":"search_term_string"}}],"inLanguage":"en-US"}]}},"_links":{"self":[{"href":"https:\/\/guardianstoolkit.eu\/fi\/wp-json\/wp\/v2\/pages\/107","targetHints":{"allow":["GET"]}}],"collection":[{"href":"https:\/\/guardianstoolkit.eu\/fi\/wp-json\/wp\/v2\/pages"}],"about":[{"href":"https:\/\/guardianstoolkit.eu\/fi\/wp-json\/wp\/v2\/types\/page"}],"author":[{"embeddable":true,"href":"https:\/\/guardianstoolkit.eu\/fi\/wp-json\/wp\/v2\/users\/2"}],"replies":[{"embeddable":true,"href":"https:\/\/guardianstoolkit.eu\/fi\/wp-json\/wp\/v2\/comments?post=107"}],"version-history":[{"count":20,"href":"https:\/\/guardianstoolkit.eu\/fi\/wp-json\/wp\/v2\/pages\/107\/revisions"}],"predecessor-version":[{"id":826,"href":"https:\/\/guardianstoolkit.eu\/fi\/wp-json\/wp\/v2\/pages\/107\/revisions\/826"}],"up":[{"embeddable":true,"href":"https:\/\/guardianstoolkit.eu\/fi\/wp-json\/wp\/v2\/pages\/13"}],"wp:attachment":[{"href":"https:\/\/guardianstoolkit.eu\/fi\/wp-json\/wp\/v2\/media?parent=107"}],"curies":[{"name":"wp","href":"https:\/\/api.w.org\/{rel}","templated":true}]}}