{"id":89,"date":"2018-02-06T13:49:47","date_gmt":"2018-02-06T12:49:47","guid":{"rendered":"https:\/\/guardianstoolkit.eu\/french\/?page_id=89"},"modified":"2019-04-08T17:04:16","modified_gmt":"2019-04-08T15:04:16","slug":"promouvoir-la-securite-et-le-bien-etre-de-lenfant","status":"publish","type":"page","link":"https:\/\/guardianstoolkit.eu\/fr\/votre-mission\/promouvoir-la-securite-et-le-bien-etre-de-lenfant\/","title":{"rendered":"Promouvoir la s\u00e9curit\u00e9 et le bien-\u00eatre de l&#8217;enfant"},"content":{"rendered":"","protected":false},"excerpt":{"rendered":"","protected":false},"author":2,"featured_media":0,"parent":11,"menu_order":2,"comment_status":"closed","ping_status":"closed","template":"","meta":{"_acf_changed":false,"footnotes":""},"class_list":["post-89","page","type-page","status-publish","hentry"],"acf":[],"yoast_head":"<!-- This site is optimized with the Yoast SEO plugin v27.4 - https:\/\/yoast.com\/product\/yoast-seo-wordpress\/ -->\n<title>Promouvoir la s\u00e9curit\u00e9 et le bien-\u00eatre de l&#039;enfant - Proguard FR<\/title>\n<meta name=\"robots\" content=\"index, follow, max-snippet:-1, max-image-preview:large, max-video-preview:-1\" \/>\n<link rel=\"canonical\" href=\"https:\/\/guardianstoolkit.eu\/fr\/votre-mission\/promouvoir-la-securite-et-le-bien-etre-de-lenfant\/\" \/>\n<meta property=\"og:locale\" content=\"en_US\" \/>\n<meta property=\"og:type\" content=\"article\" \/>\n<meta property=\"og:title\" content=\"Promouvoir la s\u00e9curit\u00e9 et le bien-\u00eatre de l&#039;enfant - Proguard FR\" \/>\n<meta property=\"og:url\" content=\"https:\/\/guardianstoolkit.eu\/fr\/votre-mission\/promouvoir-la-securite-et-le-bien-etre-de-lenfant\/\" \/>\n<meta property=\"og:site_name\" content=\"Proguard FR\" \/>\n<meta property=\"article:modified_time\" content=\"2019-04-08T15:04:16+00:00\" \/>\n<meta name=\"twitter:card\" content=\"summary_large_image\" \/>\n<script type=\"application\/ld+json\" class=\"yoast-schema-graph\">{\"@context\":\"https:\\\/\\\/schema.org\",\"@graph\":[{\"@type\":\"WebPage\",\"@id\":\"https:\\\/\\\/guardianstoolkit.eu\\\/fr\\\/votre-mission\\\/promouvoir-la-securite-et-le-bien-etre-de-lenfant\\\/\",\"url\":\"https:\\\/\\\/guardianstoolkit.eu\\\/fr\\\/votre-mission\\\/promouvoir-la-securite-et-le-bien-etre-de-lenfant\\\/\",\"name\":\"Promouvoir la s\u00e9curit\u00e9 et le bien-\u00eatre de l'enfant - Proguard FR\",\"isPartOf\":{\"@id\":\"https:\\\/\\\/guardianstoolkit.eu\\\/fr\\\/#website\"},\"datePublished\":\"2018-02-06T12:49:47+00:00\",\"dateModified\":\"2019-04-08T15:04:16+00:00\",\"breadcrumb\":{\"@id\":\"https:\\\/\\\/guardianstoolkit.eu\\\/fr\\\/votre-mission\\\/promouvoir-la-securite-et-le-bien-etre-de-lenfant\\\/#breadcrumb\"},\"inLanguage\":\"en-US\",\"potentialAction\":[{\"@type\":\"ReadAction\",\"target\":[\"https:\\\/\\\/guardianstoolkit.eu\\\/fr\\\/votre-mission\\\/promouvoir-la-securite-et-le-bien-etre-de-lenfant\\\/\"]}]},{\"@type\":\"BreadcrumbList\",\"@id\":\"https:\\\/\\\/guardianstoolkit.eu\\\/fr\\\/votre-mission\\\/promouvoir-la-securite-et-le-bien-etre-de-lenfant\\\/#breadcrumb\",\"itemListElement\":[{\"@type\":\"ListItem\",\"position\":1,\"name\":\"Home\",\"item\":\"https:\\\/\\\/guardianstoolkit.eu\\\/fr\\\/\"},{\"@type\":\"ListItem\",\"position\":2,\"name\":\"Votre mission : pr\u00e9server l&#8217;int\u00e9r\u00eat sup\u00e9rieur de l&#8217;enfant\",\"item\":\"https:\\\/\\\/guardianstoolkit.eu\\\/fr\\\/votre-mission\\\/\"},{\"@type\":\"ListItem\",\"position\":3,\"name\":\"Promouvoir la s\u00e9curit\u00e9 et le bien-\u00eatre de l&#8217;enfant\"}]},{\"@type\":\"WebSite\",\"@id\":\"https:\\\/\\\/guardianstoolkit.eu\\\/fr\\\/#website\",\"url\":\"https:\\\/\\\/guardianstoolkit.eu\\\/fr\\\/\",\"name\":\"Proguard FR\",\"description\":\"\",\"potentialAction\":[{\"@type\":\"SearchAction\",\"target\":{\"@type\":\"EntryPoint\",\"urlTemplate\":\"https:\\\/\\\/guardianstoolkit.eu\\\/fr\\\/?s={search_term_string}\"},\"query-input\":{\"@type\":\"PropertyValueSpecification\",\"valueRequired\":true,\"valueName\":\"search_term_string\"}}],\"inLanguage\":\"en-US\"}]}<\/script>\n<!-- \/ Yoast SEO plugin. -->","yoast_head_json":{"title":"Promouvoir la s\u00e9curit\u00e9 et le bien-\u00eatre de l'enfant - Proguard FR","robots":{"index":"index","follow":"follow","max-snippet":"max-snippet:-1","max-image-preview":"max-image-preview:large","max-video-preview":"max-video-preview:-1"},"canonical":"https:\/\/guardianstoolkit.eu\/fr\/votre-mission\/promouvoir-la-securite-et-le-bien-etre-de-lenfant\/","og_locale":"en_US","og_type":"article","og_title":"Promouvoir la s\u00e9curit\u00e9 et le bien-\u00eatre de l'enfant - Proguard FR","og_url":"https:\/\/guardianstoolkit.eu\/fr\/votre-mission\/promouvoir-la-securite-et-le-bien-etre-de-lenfant\/","og_site_name":"Proguard FR","article_modified_time":"2019-04-08T15:04:16+00:00","twitter_card":"summary_large_image","schema":{"@context":"https:\/\/schema.org","@graph":[{"@type":"WebPage","@id":"https:\/\/guardianstoolkit.eu\/fr\/votre-mission\/promouvoir-la-securite-et-le-bien-etre-de-lenfant\/","url":"https:\/\/guardianstoolkit.eu\/fr\/votre-mission\/promouvoir-la-securite-et-le-bien-etre-de-lenfant\/","name":"Promouvoir la s\u00e9curit\u00e9 et le bien-\u00eatre de l'enfant - Proguard FR","isPartOf":{"@id":"https:\/\/guardianstoolkit.eu\/fr\/#website"},"datePublished":"2018-02-06T12:49:47+00:00","dateModified":"2019-04-08T15:04:16+00:00","breadcrumb":{"@id":"https:\/\/guardianstoolkit.eu\/fr\/votre-mission\/promouvoir-la-securite-et-le-bien-etre-de-lenfant\/#breadcrumb"},"inLanguage":"en-US","potentialAction":[{"@type":"ReadAction","target":["https:\/\/guardianstoolkit.eu\/fr\/votre-mission\/promouvoir-la-securite-et-le-bien-etre-de-lenfant\/"]}]},{"@type":"BreadcrumbList","@id":"https:\/\/guardianstoolkit.eu\/fr\/votre-mission\/promouvoir-la-securite-et-le-bien-etre-de-lenfant\/#breadcrumb","itemListElement":[{"@type":"ListItem","position":1,"name":"Home","item":"https:\/\/guardianstoolkit.eu\/fr\/"},{"@type":"ListItem","position":2,"name":"Votre mission : pr\u00e9server l&#8217;int\u00e9r\u00eat sup\u00e9rieur de l&#8217;enfant","item":"https:\/\/guardianstoolkit.eu\/fr\/votre-mission\/"},{"@type":"ListItem","position":3,"name":"Promouvoir la s\u00e9curit\u00e9 et le bien-\u00eatre de l&#8217;enfant"}]},{"@type":"WebSite","@id":"https:\/\/guardianstoolkit.eu\/fr\/#website","url":"https:\/\/guardianstoolkit.eu\/fr\/","name":"Proguard FR","description":"","potentialAction":[{"@type":"SearchAction","target":{"@type":"EntryPoint","urlTemplate":"https:\/\/guardianstoolkit.eu\/fr\/?s={search_term_string}"},"query-input":{"@type":"PropertyValueSpecification","valueRequired":true,"valueName":"search_term_string"}}],"inLanguage":"en-US"}]}},"_links":{"self":[{"href":"https:\/\/guardianstoolkit.eu\/fr\/wp-json\/wp\/v2\/pages\/89","targetHints":{"allow":["GET"]}}],"collection":[{"href":"https:\/\/guardianstoolkit.eu\/fr\/wp-json\/wp\/v2\/pages"}],"about":[{"href":"https:\/\/guardianstoolkit.eu\/fr\/wp-json\/wp\/v2\/types\/page"}],"author":[{"embeddable":true,"href":"https:\/\/guardianstoolkit.eu\/fr\/wp-json\/wp\/v2\/users\/2"}],"replies":[{"embeddable":true,"href":"https:\/\/guardianstoolkit.eu\/fr\/wp-json\/wp\/v2\/comments?post=89"}],"version-history":[{"count":95,"href":"https:\/\/guardianstoolkit.eu\/fr\/wp-json\/wp\/v2\/pages\/89\/revisions"}],"predecessor-version":[{"id":799,"href":"https:\/\/guardianstoolkit.eu\/fr\/wp-json\/wp\/v2\/pages\/89\/revisions\/799"}],"up":[{"embeddable":true,"href":"https:\/\/guardianstoolkit.eu\/fr\/wp-json\/wp\/v2\/pages\/11"}],"wp:attachment":[{"href":"https:\/\/guardianstoolkit.eu\/fr\/wp-json\/wp\/v2\/media?parent=89"}],"curies":[{"name":"wp","href":"https:\/\/api.w.org\/{rel}","templated":true}]}}